{"id":4968,"date":"2023-10-06T20:52:01","date_gmt":"2023-10-06T20:52:01","guid":{"rendered":"https:\/\/owwco.ca\/application-processing-timelines\/"},"modified":"2023-11-18T20:21:47","modified_gmt":"2023-11-18T20:21:47","slug":"delais-de-traitement-des-demandes","status":"publish","type":"page","link":"https:\/\/owwco.ca\/fr\/delais-de-traitement-des-demandes\/","title":{"rendered":"D\u00e9lais de traitement des demandes"},"content":{"rendered":"<p><section data-bb-version=\"4.6.1\" id=\"bt_bb_section69e7b7c1d4c7f\" class=\"bt_bb_section bt_bb_color_scheme_1 bt_bb_layout_boxed_1200 bt_bb_vertical_align_top bt_bb_background_overlay_dark_solid bt_bb_top_spacing_medium bt_bb_bottom_spacing_medium\" style=\"; --section-primary-color:#ffffff; --section-secondary-color:#191919;\" data-bt-override-class=\"{&quot;bt_bb_top_spacing_&quot;:{&quot;current_class&quot;:&quot;bt_bb_top_spacing_medium&quot;,&quot;def&quot;:&quot;medium&quot;},&quot;bt_bb_bottom_spacing_&quot;:{&quot;current_class&quot;:&quot;bt_bb_bottom_spacing_medium&quot;,&quot;def&quot;:&quot;medium&quot;}}\"><div class=\"bt_bb_background_image_holder_wrapper\"><div class=\"bt_bb_background_image_holder btLazyLoadBackground\"  data-background_image_src=\"https:\/\/owwco.ca\/wp-content\/uploads\/2023\/09\/shutterstock_116229136.jpg\" data-parallax-zoom-start=\"1\" data-parallax-zoom-end=\"1\" data-parallax-blur-start=\"0\" data-parallax-blur-end=\"0\" data-parallax-opacity-start=\"1\" data-parallax-opacity-end=\"1\" style=\" background-image: url(&#039;https:\/\/owwco.ca\/wp-content\/plugins\/bold-page-builder\/img\/blank.gif&#039;);\"><\/div><\/div><div class=\"bt_bb_port\"><div class=\"bt_bb_cell\"><div class=\"bt_bb_cell_inner\"><div class=\"bt_bb_row \"  data-bt-override-class=\"{}\"><div class=\"bt_bb_row_holder\" ><div  class=\"bt_bb_column col-xxl-3 col-xl-3 bt_bb_vertical_align_top bt_bb_align_left bt_bb_padding_normal\" style=\"; --column-width:3;\" data-width=\"3\" data-bt-override-class=\"{}\"><div class=\"bt_bb_column_content\"><div class=\"bt_bb_column_content_inner\"><\/div><\/div><\/div><div  class=\"bt_bb_column col-xxl-6 col-xl-6 bt_bb_vertical_align_middle bt_bb_align_center bt_bb_padding_normal bt_bb_animation_fade_in animate\" style=\"; --column-width:6;\" data-width=\"6\" data-bt-override-class=\"{}\"><div class=\"bt_bb_column_content\"><div class=\"bt_bb_column_content_inner\"><div class=\"bt_bb_separator bt_bb_border_style_none bt_bb_border_color_none bt_bb_bottom_spacing_medium\" data-bt-override-class=\"null\"><\/div><header data-bb-version=\"4.6.1\" class=\"bt_bb_headline bt_bb_dash_none bt_bb_size_large bt_bb_align_inherit\" data-bt-override-class=\"{&quot;bt_bb_size_&quot;:{&quot;current_class&quot;:&quot;bt_bb_size_large&quot;,&quot;def&quot;:&quot;large&quot;},&quot;bt_bb_align_&quot;:{&quot;current_class&quot;:&quot;bt_bb_align_inherit&quot;,&quot;def&quot;:&quot;inherit&quot;}}\"><h1 class=\"bt_bb_headline_tag\"><span class=\"bt_bb_headline_content\"><span>D\u00e9lais de traitement des demandes<\/span><\/span><\/h1><\/header><\/div><\/div><\/div><div  class=\"bt_bb_column col-xxl-3 col-xl-3 bt_bb_vertical_align_top bt_bb_align_left bt_bb_padding_normal\" style=\"; --column-width:3;\" data-width=\"3\" data-bt-override-class=\"{}\"><div class=\"bt_bb_column_content\"><div class=\"bt_bb_column_content_inner\"><\/div><\/div><\/div><\/div><\/div><\/div><!-- cell_inner --><\/div><!-- cell --><\/div><!-- port --><\/section><section data-bb-version=\"4.6.1\" id=\"bt_bb_section69e7b7c1d5238\" class=\"bt_bb_section bt_bb_color_scheme_2 bt_bb_layout_boxed_1200 bt_bb_vertical_align_top bt_bb_top_spacing_medium bt_bb_bottom_spacing_large\" style=\"; --section-primary-color:#191919; --section-secondary-color:#ffffff;\" data-bt-override-class=\"{&quot;bt_bb_top_spacing_&quot;:{&quot;current_class&quot;:&quot;bt_bb_top_spacing_medium&quot;,&quot;def&quot;:&quot;medium&quot;},&quot;bt_bb_bottom_spacing_&quot;:{&quot;current_class&quot;:&quot;bt_bb_bottom_spacing_large&quot;,&quot;def&quot;:&quot;large&quot;}}\"><div class=\"bt_bb_port\"><div class=\"bt_bb_cell\"><div class=\"bt_bb_cell_inner\"><div class=\"bt_bb_row \"  data-bt-override-class=\"{}\"><div class=\"bt_bb_row_holder\" ><div data-bb-version=\"4.6.1\"  class=\"bt_bb_column col-xxl-12 col-xl-12 col-xs-12 col-sm-12 col-md-12 col-lg-12 bt_bb_vertical_align_top bt_bb_align_left bt_bb_padding_normal\" style=\"; --column-width:12;\" data-width=\"12\" data-bt-override-class=\"{}\"><div class=\"bt_bb_column_content\"><div class=\"bt_bb_column_content_inner\"><div data-bb-version=\"4.6.1\"  class=\"bt_bb_text\" ><\/p>\n<p><span lang=\"EN-US\">Nous nous engageons \u00e0 traiter votre demande en temps opportun. Le tableau ci-dessous indique les d\u00e9lais que nous visons \u00e0 respecter pour chaque type de demande, \u00e0 condition que votre demande soit compl\u00e8te et ne n\u00e9cessite pas de suivi.<\/span><\/p>\n<p><span lang=\"EN-US\">Une demande compl\u00e8te est celle o\u00f9 :<u><\/u><u><\/u><\/span><\/p>\n<ul>\n<li><span lang=\"EN-US\">toutes les sections de la demande sont correctement remplies et sign\u00e9es par les personnes appropri\u00e9es ; et,<\/span><\/li>\n<li>toute la documentation de soutien requise est incluse.<\/li>\n<\/ul>\n<table width=\"483\">\n<tbody>\n<tr>\n<td width=\"131\"><strong>Service<\/strong><\/td>\n<td width=\"229\"><strong>Type de demande<\/strong><\/td>\n<td width=\"123\"><strong>D\u00e9lai de traitement<\/strong><\/td>\n<\/tr>\n<tr>\n<td rowspan=\"2\" width=\"131\"><strong>Exploitant en formation (EF)<\/strong><\/td>\n<td width=\"229\">Avis sur les\u00a0<strong>r\u00e9sultats d\u2019examen EF<\/strong><\/td>\n<td width=\"123\">7 jours ouvrables<\/td>\n<\/tr>\n<tr>\n<td width=\"229\"><strong>D\u00e9livrance<\/strong>\u00a0d\u2019un certificat\/permis d\u2019EF<\/td>\n<td width=\"123\">10 jours<\/td>\n<\/tr>\n<tr>\n<td rowspan=\"3\" width=\"131\"><strong>Examens<\/strong><\/td>\n<td width=\"229\">Traitement de\u00a0<strong>l\u2019inscription \u00e0 l\u2019examen<\/strong><\/td>\n<td width=\"123\">30 jours<\/td>\n<\/tr>\n<tr>\n<td width=\"229\">Avis sur les\u00a0<strong>r\u00e9sultats d\u2019examen<\/strong>\u00a0(sauf ceux des examens d\u2019EF)<\/td>\n<td width=\"123\">30 jours<\/td>\n<\/tr>\n<tr>\n<td width=\"229\">Avis sur les\u00a0<strong>r\u00e9sultats d\u2019examen d\u2019EF<\/strong><\/td>\n<td width=\"123\">7 jours ouvrables<\/td>\n<\/tr>\n<tr>\n<td width=\"131\"><strong>Mises \u00e0 jour<\/strong><\/td>\n<td width=\"229\"><strong>Traitement<\/strong>\u00a0d\u2019une demande de certificat ou permis de niveau sup\u00e9rieur<\/td>\n<td width=\"123\">30 jours<\/td>\n<\/tr>\n<tr>\n<td width=\"131\"><strong>Renouvellements<\/strong><\/td>\n<td width=\"229\"><strong>Traitement<\/strong>\u00a0d\u2019une demande de renouvellement d\u2019un certificat ou d\u2019un permis<\/td>\n<td width=\"123\">21 jours<\/td>\n<\/tr>\n<tr>\n<td width=\"131\"><strong>Replacements<\/strong><\/td>\n<td width=\"229\"><strong>D\u00e9livrance<\/strong>\u00a0d\u2019un certificat ou permis d\u2019exploitant de remplacement<\/td>\n<td width=\"123\">14 jours<\/td>\n<\/tr>\n<tr>\n<td width=\"131\"><strong>Installations<\/strong><\/td>\n<td width=\"229\"><strong>Traitement<\/strong>\u00a0d\u2019une demande de classification d\u2019une installation<\/td>\n<td width=\"123\">30 jours<\/td>\n<\/tr>\n<tr>\n<td width=\"131\"><strong>Cours<\/strong><\/td>\n<td width=\"229\"><strong>Traitement<\/strong>\u00a0d\u2019une demande d\u2019\u00e9valuation d\u2019un cours<\/td>\n<td width=\"123\">30 jours<\/td>\n<\/tr>\n<\/tbody>\n<\/table>\n<p>\n<\/div><div data-bb-version=\"4.6.1\" class=\"bt_bb_separator bt_bb_border_style_none bt_bb_border_color_none bt_bb_top_spacing_small bt_bb_bottom_spacing_none\" data-bt-override-class=\"{&quot;bt_bb_top_spacing_&quot;:{&quot;current_class&quot;:&quot;bt_bb_top_spacing_small&quot;,&quot;def&quot;:&quot;small&quot;},&quot;bt_bb_bottom_spacing_&quot;:{&quot;current_class&quot;:&quot;bt_bb_bottom_spacing_none&quot;,&quot;def&quot;:&quot;none&quot;}}\"><\/div><\/div><\/div><\/div><\/div><\/div><\/div><!-- cell_inner --><\/div><!-- cell --><\/div><!-- port --><\/section><\/p>\n","protected":false},"excerpt":{"rendered":"","protected":false},"author":1,"featured_media":0,"parent":0,"menu_order":0,"comment_status":"closed","ping_status":"closed","template":"","meta":{"footnotes":""},"class_list":["post-4968","page","type-page","status-publish","hentry"],"_links":{"self":[{"href":"https:\/\/owwco.ca\/fr\/wp-json\/wp\/v2\/pages\/4968","targetHints":{"allow":["GET"]}}],"collection":[{"href":"https:\/\/owwco.ca\/fr\/wp-json\/wp\/v2\/pages"}],"about":[{"href":"https:\/\/owwco.ca\/fr\/wp-json\/wp\/v2\/types\/page"}],"author":[{"embeddable":true,"href":"https:\/\/owwco.ca\/fr\/wp-json\/wp\/v2\/users\/1"}],"replies":[{"embeddable":true,"href":"https:\/\/owwco.ca\/fr\/wp-json\/wp\/v2\/comments?post=4968"}],"version-history":[{"count":2,"href":"https:\/\/owwco.ca\/fr\/wp-json\/wp\/v2\/pages\/4968\/revisions"}],"predecessor-version":[{"id":4970,"href":"https:\/\/owwco.ca\/fr\/wp-json\/wp\/v2\/pages\/4968\/revisions\/4970"}],"wp:attachment":[{"href":"https:\/\/owwco.ca\/fr\/wp-json\/wp\/v2\/media?parent=4968"}],"curies":[{"name":"wp","href":"https:\/\/api.w.org\/{rel}","templated":true}]}}