{"id":5296,"date":"2023-09-19T18:21:55","date_gmt":"2023-09-19T18:21:55","guid":{"rendered":"https:\/\/owwco.ca\/director-approved-course-listing\/"},"modified":"2023-12-15T21:08:58","modified_gmt":"2023-12-15T21:08:58","slug":"liste-des-cours-approuves-par-le-directeur","status":"publish","type":"page","link":"https:\/\/owwco.ca\/fr\/liste-des-cours-approuves-par-le-directeur\/","title":{"rendered":"Liste des cours approuv\u00e9s par le directeur"},"content":{"rendered":"<p><section data-bb-version=\"4.6.1\" id=\"bt_bb_section69e59fdd5cc25\" class=\"bt_bb_section bt_bb_color_scheme_1 bt_bb_layout_boxed_1200 bt_bb_vertical_align_top bt_bb_background_overlay_dark_solid bt_bb_top_spacing_medium bt_bb_bottom_spacing_medium\" style=\"; --section-primary-color:#ffffff; --section-secondary-color:#191919;\" data-bt-override-class=\"{&quot;bt_bb_top_spacing_&quot;:{&quot;current_class&quot;:&quot;bt_bb_top_spacing_medium&quot;,&quot;def&quot;:&quot;medium&quot;},&quot;bt_bb_bottom_spacing_&quot;:{&quot;current_class&quot;:&quot;bt_bb_bottom_spacing_medium&quot;,&quot;def&quot;:&quot;medium&quot;}}\"><div class=\"bt_bb_background_image_holder_wrapper\"><div class=\"bt_bb_background_image_holder btLazyLoadBackground\"  data-background_image_src=\"https:\/\/owwco.ca\/wp-content\/uploads\/2023\/09\/shutterstock_2074910a.jpg\" data-parallax-zoom-start=\"1\" data-parallax-zoom-end=\"1\" data-parallax-blur-start=\"0\" data-parallax-blur-end=\"0\" data-parallax-opacity-start=\"1\" data-parallax-opacity-end=\"1\" style=\" background-image: url(&#039;https:\/\/owwco.ca\/wp-content\/plugins\/bold-page-builder\/img\/blank.gif&#039;);\"><\/div><\/div><div class=\"bt_bb_port\"><div class=\"bt_bb_cell\"><div class=\"bt_bb_cell_inner\"><div class=\"bt_bb_row \"  data-bt-override-class=\"{}\"><div class=\"bt_bb_row_holder\" ><div  class=\"bt_bb_column col-xxl-3 col-xl-3 bt_bb_vertical_align_top bt_bb_align_left bt_bb_padding_normal\" style=\"; --column-width:3;\" data-width=\"3\" data-bt-override-class=\"{}\"><div class=\"bt_bb_column_content\"><div class=\"bt_bb_column_content_inner\"><\/div><\/div><\/div><div  class=\"bt_bb_column col-xxl-6 col-xl-6 bt_bb_vertical_align_middle bt_bb_align_center bt_bb_padding_normal bt_bb_animation_fade_in animate\" style=\"; --column-width:6;\" data-width=\"6\" data-bt-override-class=\"{}\"><div class=\"bt_bb_column_content\"><div class=\"bt_bb_column_content_inner\"><div class=\"bt_bb_separator bt_bb_border_style_none bt_bb_border_color_none bt_bb_bottom_spacing_medium\" data-bt-override-class=\"null\"><\/div><header data-bb-version=\"4.6.1\" class=\"bt_bb_headline bt_bb_dash_none bt_bb_size_large bt_bb_align_inherit\" data-bt-override-class=\"{&quot;bt_bb_size_&quot;:{&quot;current_class&quot;:&quot;bt_bb_size_large&quot;,&quot;def&quot;:&quot;large&quot;},&quot;bt_bb_align_&quot;:{&quot;current_class&quot;:&quot;bt_bb_align_inherit&quot;,&quot;def&quot;:&quot;inherit&quot;}}\"><h1 class=\"bt_bb_headline_tag\"><span class=\"bt_bb_headline_content\"><span>Liste des cours approuv\u00e9s par le directeur<\/span><\/span><\/h1><\/header><\/div><\/div><\/div><div  class=\"bt_bb_column col-xxl-3 col-xl-3 bt_bb_vertical_align_top bt_bb_align_left bt_bb_padding_normal\" style=\"; --column-width:3;\" data-width=\"3\" data-bt-override-class=\"{}\"><div class=\"bt_bb_column_content\"><div class=\"bt_bb_column_content_inner\"><\/div><\/div><\/div><\/div><\/div><\/div><!-- cell_inner --><\/div><!-- cell --><\/div><!-- port --><\/section><section data-bb-version=\"4.6.1\" id=\"bt_bb_section69e59fdd5d19c\" class=\"bt_bb_section bt_bb_color_scheme_2 bt_bb_layout_boxed_1200 bt_bb_vertical_align_top bt_bb_top_spacing_medium bt_bb_bottom_spacing_large\" style=\"; --section-primary-color:#191919; --section-secondary-color:#ffffff;\" data-bt-override-class=\"{&quot;bt_bb_top_spacing_&quot;:{&quot;current_class&quot;:&quot;bt_bb_top_spacing_medium&quot;,&quot;def&quot;:&quot;medium&quot;},&quot;bt_bb_bottom_spacing_&quot;:{&quot;current_class&quot;:&quot;bt_bb_bottom_spacing_large&quot;,&quot;def&quot;:&quot;large&quot;}}\"><div class=\"bt_bb_port\"><div class=\"bt_bb_cell\"><div class=\"bt_bb_cell_inner\"><div class=\"bt_bb_row \"  data-bt-override-class=\"{}\"><div class=\"bt_bb_row_holder\" ><div data-bb-version=\"4.6.1\"  class=\"bt_bb_column col-xxl-12 col-xl-12 col-xs-12 col-sm-12 col-md-12 col-lg-12 bt_bb_vertical_align_top bt_bb_align_left bt_bb_padding_normal\" style=\"; --column-width:12;\" data-width=\"12\" data-bt-override-class=\"{}\"><div class=\"bt_bb_column_content\"><div class=\"bt_bb_column_content_inner\"><div data-bb-version=\"4.6.1\"  class=\"bt_bb_text\" ><\/p>\n<p>Ni le Minist\u00e8re de l\u2019Environnement, de la Protection de la nature et des Parcs ni le Bureau ontarien d\u2019accr\u00e9ditation en mati\u00e8re d\u2019eau et d\u2019eaux us\u00e9es n\u2019avalisent les cours de formation ou les organismes \u00e9num\u00e9r\u00e9s ci-dessous. Cette liste est fournie \u00e0 des fins d\u2019information seulement. Toutes les mesures ont \u00e9t\u00e9 prises pour s\u2019assurer de l\u2019exactitude des informations inscrites sur la liste. Les cours n\u2019ont pas \u00e9t\u00e9 examin\u00e9s \u00e0 des fins de contr\u00f4le de la qualit\u00e9 de l\u2019instruction ni de l\u2019exactitude de son contenu. Les opinions et les avis fournis dans le cadre de la formation sont ceux des formateurs et n\u2019ont pas ceux du minist\u00e8re. Pour obtenir de plus amples renseignements, veuillez communiquer directement avec les organismes de formation.<\/p>\n<p>La liste est mise \u00e0 jour le 1er et le 15 de chaque mois. Pour voir la liste enti\u00e8re ou pour le t\u00e9l\u00e9charger,\u00a0 <a title=\"\" href=\"https:\/\/owwco.ca\/wp-content\/uploads\/docs\/DACL-Apr.-17th-2026.csv\" rel=\"noopener noreferrer\">Director Approved Course Listing.csv<\/a>.<\/p>\n<p>Les activit\u00e9s li\u00e9es aux 25 pour cent de l\u2019exigence en mati\u00e8re d\u2019\u00e9ducation permanente concernent les conf\u00e9rences, les s\u00e9minaires et les ateliers ponctuels ou annuels tenus par l\u2019Ontario Water Works Association, l\u2019Ontario Municipal Water Association, l\u2019Aboriginal Water Wastewater Association of Ontario et l\u2019American Water Works Association.<\/p>\n<h3>Avez-vous un commentaire, un compliment, ou une pr\u00e9occupation concernant un cours d\u2019\u00e9ducation approuv\u00e9 par le directeur?<\/h3>\n<p>Si vous avez pris un cours approuv\u00e9 par le directeur, nous sommes int\u00e9ress\u00e9s \u00e0 ce que vous avez \u00e0 dire. Envoyez-nous vos commentaires, compliments ou des pr\u00e9occupations en <a href=\"https:\/\/owwco.ca\/course-feedback\/\">remplissant le formulaire<\/a>.<\/p>\n<p>\n<\/div><div data-bb-version=\"4.6.1\" class=\"bt_bb_separator bt_bb_border_style_none bt_bb_border_color_none bt_bb_top_spacing_normal bt_bb_bottom_spacing_normal\" data-bt-override-class=\"{&quot;bt_bb_top_spacing_&quot;:{&quot;current_class&quot;:&quot;bt_bb_top_spacing_normal&quot;,&quot;def&quot;:&quot;normal&quot;},&quot;bt_bb_bottom_spacing_&quot;:{&quot;current_class&quot;:&quot;bt_bb_bottom_spacing_normal&quot;,&quot;def&quot;:&quot;normal&quot;}}\"><\/div><div data-bb-version=\"4.6.1\"  class=\"bt_bb_text\" ><div id=\"footable_parent_3709\"\n         class=\" footable_parent ninja_table_wrapper loading_ninja_table wp_table_data_press_parent semantic_ui \">\n                <table data-ninja_table_instance=\"ninja_table_instance_0\" data-footable_id=\"3709\" data-filter-delay=\"1000\" aria-label=\"Director Approved Course Listing\"            id=\"footable_3709\"\n           data-unique_identifier=\"ninja_table_unique_id_1427402854_3709\"\n           class=\" foo-table ninja_footable foo_table_3709 ninja_table_unique_id_1427402854_3709 ui table  nt_type_ajax_table selectable striped compact vertical_centered  footable-paging-right ninja_table_pro\">\n                <colgroup>\n                            <col class=\"ninja_column_0 hidden\">\n                            <col class=\"ninja_column_1 \">\n                            <col class=\"ninja_column_2 \">\n                            <col class=\"ninja_column_3 \">\n                            <col class=\"ninja_column_4 \">\n                            <col class=\"ninja_column_5 \">\n                            <col class=\"ninja_column_6 \">\n                            <col class=\"ninja_column_7 \">\n                            <col class=\"ninja_column_8 \">\n                    <\/colgroup>\n            <\/table>\n    \n    \n    \n<\/div>\n<\/div><\/div><\/div><\/div><\/div><\/div><\/div><!-- cell_inner --><\/div><!-- cell --><\/div><!-- port --><\/section><\/p>\n","protected":false},"excerpt":{"rendered":"","protected":false},"author":1,"featured_media":0,"parent":0,"menu_order":0,"comment_status":"closed","ping_status":"closed","template":"","meta":{"footnotes":""},"class_list":["post-5296","page","type-page","status-publish","hentry"],"_links":{"self":[{"href":"https:\/\/owwco.ca\/fr\/wp-json\/wp\/v2\/pages\/5296","targetHints":{"allow":["GET"]}}],"collection":[{"href":"https:\/\/owwco.ca\/fr\/wp-json\/wp\/v2\/pages"}],"about":[{"href":"https:\/\/owwco.ca\/fr\/wp-json\/wp\/v2\/types\/page"}],"author":[{"embeddable":true,"href":"https:\/\/owwco.ca\/fr\/wp-json\/wp\/v2\/users\/1"}],"replies":[{"embeddable":true,"href":"https:\/\/owwco.ca\/fr\/wp-json\/wp\/v2\/comments?post=5296"}],"version-history":[{"count":5,"href":"https:\/\/owwco.ca\/fr\/wp-json\/wp\/v2\/pages\/5296\/revisions"}],"predecessor-version":[{"id":5462,"href":"https:\/\/owwco.ca\/fr\/wp-json\/wp\/v2\/pages\/5296\/revisions\/5462"}],"wp:attachment":[{"href":"https:\/\/owwco.ca\/fr\/wp-json\/wp\/v2\/media?parent=5296"}],"curies":[{"name":"wp","href":"https:\/\/api.w.org\/{rel}","templated":true}]}}